{"id":1486,"date":"2023-08-09T17:08:57","date_gmt":"2023-08-09T15:08:57","guid":{"rendered":"https:\/\/net-libre.fr\/?page_id=1486"},"modified":"2025-08-08T18:44:55","modified_gmt":"2025-08-08T16:44:55","slug":"nous-soutenir","status":"publish","type":"page","link":"https:\/\/net-libre.fr\/index.php\/nous-soutenir\/","title":{"rendered":"Nous Soutenir"},"content":{"rendered":"<style>.kb-row-layout-id1486_298eed-90 > .kt-row-column-wrap{align-content:start;}:where(.kb-row-layout-id1486_298eed-90 > .kt-row-column-wrap) > .wp-block-kadence-column{justify-content:start;}.kb-row-layout-id1486_298eed-90 > .kt-row-column-wrap{column-gap:var(--global-kb-gap-md, 2rem);row-gap:var(--global-kb-gap-md, 2rem);padding-top:var(--global-kb-spacing-sm, 1.5rem);padding-bottom:var(--global-kb-spacing-sm, 1.5rem);grid-template-columns:minmax(0, 1fr) minmax(0, 2fr);}.kb-row-layout-id1486_298eed-90 > .kt-row-layout-overlay{opacity:0.10;background-color:var(--global-palette1, #3182CE);}@media all and (max-width: 1024px){.kb-row-layout-id1486_298eed-90 > .kt-row-column-wrap{grid-template-columns:minmax(0, 1fr) minmax(0, 2fr);}}@media all and (max-width: 767px){.kb-row-layout-id1486_298eed-90 > .kt-row-column-wrap{grid-template-columns:minmax(0, 1fr);}}<\/style><div class=\"kb-row-layout-wrap kb-row-layout-id1486_298eed-90 alignnone kt-row-has-bg wp-block-kadence-rowlayout\"><div class=\"kt-row-layout-overlay kt-row-overlay-normal\"><\/div><div class=\"kt-row-column-wrap kt-has-2-columns kt-row-layout-right-golden kt-tab-layout-inherit kt-mobile-layout-row kt-row-valign-top\">\n<style>.kadence-column1486_4e7797-8a > .kt-inside-inner-col,.kadence-column1486_4e7797-8a > .kt-inside-inner-col:before{border-top-left-radius:0px;border-top-right-radius:0px;border-bottom-right-radius:0px;border-bottom-left-radius:0px;}.kadence-column1486_4e7797-8a > .kt-inside-inner-col{column-gap:var(--global-kb-gap-sm, 1rem);}.kadence-column1486_4e7797-8a > .kt-inside-inner-col{flex-direction:column;}.kadence-column1486_4e7797-8a > .kt-inside-inner-col > .aligncenter{width:100%;}.kadence-column1486_4e7797-8a > .kt-inside-inner-col{background-color:var(--global-palette9, #ffffff);}.kadence-column1486_4e7797-8a > .kt-inside-inner-col:before{opacity:0.1;background-color:var(--global-palette1, #3182CE);}.kadence-column1486_4e7797-8a{position:relative;}@media all and (max-width: 1024px){.kadence-column1486_4e7797-8a > .kt-inside-inner-col{flex-direction:column;justify-content:center;}}@media all and (max-width: 767px){.kadence-column1486_4e7797-8a > .kt-inside-inner-col{flex-direction:column;justify-content:center;}}<\/style>\n<div class=\"wp-block-kadence-column kadence-column1486_4e7797-8a kb-section-has-overlay\"><div class=\"kt-inside-inner-col\"><style>.wp-block-kadence-advancedheading.kt-adv-heading1486_12b478-36, .wp-block-kadence-advancedheading.kt-adv-heading1486_12b478-36[data-kb-block=\"kb-adv-heading1486_12b478-36\"]{text-align:center;font-style:normal;background-color:rgba(241,118,12,0);}.wp-block-kadence-advancedheading.kt-adv-heading1486_12b478-36 mark.kt-highlight, .wp-block-kadence-advancedheading.kt-adv-heading1486_12b478-36[data-kb-block=\"kb-adv-heading1486_12b478-36\"] mark.kt-highlight{font-style:normal;color:#f76a0c;-webkit-box-decoration-break:clone;box-decoration-break:clone;padding-top:0px;padding-right:0px;padding-bottom:0px;padding-left:0px;}.wp-block-kadence-advancedheading.kt-adv-heading1486_12b478-36 img.kb-inline-image, .wp-block-kadence-advancedheading.kt-adv-heading1486_12b478-36[data-kb-block=\"kb-adv-heading1486_12b478-36\"] img.kb-inline-image{width:150px;vertical-align:baseline;}<\/style>\n<h4 class=\"kt-adv-heading1486_12b478-36 wp-block-kadence-advancedheading\" data-kb-block=\"kb-adv-heading1486_12b478-36\">Respect des Valeurs<\/h4>\n\n\n\n<p class=\"has-text-align-center\">L\u2019inclusion va au-del\u00e0 de l\u2019acc\u00e8s num\u00e9rique. <br>C\u2019est un \u00e9tat d\u2019esprit qui guide nos actions. <br>Nous valorisons la diversit\u00e9, le respect et le partage. <br>Notre objectif est de construire une communaut\u00e9 en ligne o\u00f9 chacun se sent accueilli, \u00e9cout\u00e9 et respect\u00e9, quel que soit son bagage culturel, ses exp\u00e9riences ou ses connaissances.<\/p>\n<\/div><\/div>\n\n\n<style>.kadence-column1486_f33657-9c > .kt-inside-inner-col,.kadence-column1486_f33657-9c > .kt-inside-inner-col:before{border-top-left-radius:0px;border-top-right-radius:0px;border-bottom-right-radius:0px;border-bottom-left-radius:0px;}.kadence-column1486_f33657-9c > .kt-inside-inner-col{column-gap:var(--global-kb-gap-sm, 1rem);}.kadence-column1486_f33657-9c > .kt-inside-inner-col{flex-direction:column;}.kadence-column1486_f33657-9c > .kt-inside-inner-col > .aligncenter{width:100%;}.kadence-column1486_f33657-9c > .kt-inside-inner-col{background-color:rgba(241, 118, 12, 0);}.kadence-column1486_f33657-9c > .kt-inside-inner-col:before{opacity:0.3;}.kadence-column1486_f33657-9c{position:relative;}@media all and (max-width: 1024px){.kadence-column1486_f33657-9c > .kt-inside-inner-col{flex-direction:column;justify-content:center;}}@media all and (max-width: 767px){.kadence-column1486_f33657-9c > .kt-inside-inner-col{flex-direction:column;justify-content:center;}}<\/style>\n<div class=\"wp-block-kadence-column kadence-column1486_f33657-9c\"><div class=\"kt-inside-inner-col\"><div class=\"wp-block-image\">\n<figure class=\"alignleft size-large is-resized\"><img loading=\"lazy\" decoding=\"async\" width=\"1024\" height=\"1024\" src=\"http:\/\/net-libre.fr\/wp-content\/uploads\/2023\/08\/partage-association-numerique-1024x1024.png\" alt=\"\" class=\"wp-image-1908\" style=\"width:267px;height:267px\" srcset=\"https:\/\/net-libre.fr\/wp-content\/uploads\/2023\/08\/partage-association-numerique-1024x1024.png 1024w, https:\/\/net-libre.fr\/wp-content\/uploads\/2023\/08\/partage-association-numerique-300x300.png 300w, https:\/\/net-libre.fr\/wp-content\/uploads\/2023\/08\/partage-association-numerique-150x150.png 150w, https:\/\/net-libre.fr\/wp-content\/uploads\/2023\/08\/partage-association-numerique-768x768.png 768w, https:\/\/net-libre.fr\/wp-content\/uploads\/2023\/08\/partage-association-numerique.png 1080w\" sizes=\"auto, (max-width: 1024px) 100vw, 1024px\" \/><\/figure>\n<\/div>\n\n<style>.wp-block-kadence-advancedheading.kt-adv-heading1486_638555-9f, .wp-block-kadence-advancedheading.kt-adv-heading1486_638555-9f[data-kb-block=\"kb-adv-heading1486_638555-9f\"]{text-align:left;font-style:normal;}.wp-block-kadence-advancedheading.kt-adv-heading1486_638555-9f mark.kt-highlight, .wp-block-kadence-advancedheading.kt-adv-heading1486_638555-9f[data-kb-block=\"kb-adv-heading1486_638555-9f\"] mark.kt-highlight{font-style:normal;color:#f76a0c;-webkit-box-decoration-break:clone;box-decoration-break:clone;padding-top:0px;padding-right:0px;padding-bottom:0px;padding-left:0px;}.wp-block-kadence-advancedheading.kt-adv-heading1486_638555-9f img.kb-inline-image, .wp-block-kadence-advancedheading.kt-adv-heading1486_638555-9f[data-kb-block=\"kb-adv-heading1486_638555-9f\"] img.kb-inline-image{width:150px;vertical-align:baseline;}<\/style>\n<h6 class=\"kt-adv-heading1486_638555-9f wp-block-kadence-advancedheading\" data-kb-block=\"kb-adv-heading1486_638555-9f\">Nous aspirons \u00e0 fa\u00e7onner un avenir num\u00e9rique o\u00f9 la technologie est utilis\u00e9e de mani\u00e8re responsable pour le bien de tous. Nous mettons en avant des pratiques durables, des logiciels libres et des comp\u00e9tences \u00e9thiques. Notre objectif est de guider les individus vers un avenir num\u00e9rique \u00e9clair\u00e9, o\u00f9 ils peuvent prosp\u00e9rer tout en prenant soin de la plan\u00e8te.<\/h6>\n<\/div><\/div>\n\n<\/div><\/div>\n\n<style>.kadence-column1486_cdf1aa-5a > .kt-inside-inner-col,.kadence-column1486_cdf1aa-5a > .kt-inside-inner-col:before{border-top-left-radius:0px;border-top-right-radius:0px;border-bottom-right-radius:0px;border-bottom-left-radius:0px;}.kadence-column1486_cdf1aa-5a > .kt-inside-inner-col{column-gap:var(--global-kb-gap-sm, 1rem);}.kadence-column1486_cdf1aa-5a > .kt-inside-inner-col{flex-direction:column;}.kadence-column1486_cdf1aa-5a > .kt-inside-inner-col > .aligncenter{width:100%;}.kadence-column1486_cdf1aa-5a > .kt-inside-inner-col:before{opacity:0.3;}.kadence-column1486_cdf1aa-5a{position:relative;}@media all and (max-width: 1024px){.kadence-column1486_cdf1aa-5a > .kt-inside-inner-col{flex-direction:column;justify-content:center;}}@media all and (max-width: 767px){.kadence-column1486_cdf1aa-5a > .kt-inside-inner-col{flex-direction:column;justify-content:center;}}<\/style>\n<div class=\"wp-block-kadence-column kadence-column1486_cdf1aa-5a\"><div class=\"kt-inside-inner-col\"><style>.kb-row-layout-id1486_726daa-cd > .kt-row-column-wrap{align-content:start;}:where(.kb-row-layout-id1486_726daa-cd > .kt-row-column-wrap) > .wp-block-kadence-column{justify-content:start;}.kb-row-layout-id1486_726daa-cd > .kt-row-column-wrap{column-gap:var(--global-kb-gap-md, 2rem);row-gap:var(--global-kb-gap-md, 2rem);padding-top:var(--global-kb-spacing-sm, 1.5rem);padding-bottom:var(--global-kb-spacing-md, 2rem);grid-template-columns:minmax(0, 1fr);}.kb-row-layout-id1486_726daa-cd > .kt-row-layout-overlay{opacity:0.30;}@media all and (max-width: 1024px){.kb-row-layout-id1486_726daa-cd > .kt-row-column-wrap{grid-template-columns:minmax(0, 1fr);}}@media all and (max-width: 767px){.kb-row-layout-id1486_726daa-cd > .kt-row-column-wrap{grid-template-columns:minmax(0, 1fr);}}<\/style><div class=\"kb-row-layout-wrap kb-row-layout-id1486_726daa-cd alignnone wp-block-kadence-rowlayout\"><div class=\"kt-row-column-wrap kt-has-1-columns kt-row-layout-equal kt-tab-layout-inherit kt-mobile-layout-row kt-row-valign-top\">\n<style>.kadence-column1486_427c24-a5 > .kt-inside-inner-col,.kadence-column1486_427c24-a5 > .kt-inside-inner-col:before{border-top-left-radius:0px;border-top-right-radius:0px;border-bottom-right-radius:0px;border-bottom-left-radius:0px;}.kadence-column1486_427c24-a5 > .kt-inside-inner-col{column-gap:var(--global-kb-gap-sm, 1rem);}.kadence-column1486_427c24-a5 > .kt-inside-inner-col{flex-direction:column;}.kadence-column1486_427c24-a5 > .kt-inside-inner-col > .aligncenter{width:100%;}.kadence-column1486_427c24-a5 > .kt-inside-inner-col:before{opacity:0.3;}.kadence-column1486_427c24-a5{position:relative;}@media all and (max-width: 1024px){.kadence-column1486_427c24-a5 > .kt-inside-inner-col{flex-direction:column;justify-content:center;}}@media all and (max-width: 767px){.kadence-column1486_427c24-a5 > .kt-inside-inner-col{flex-direction:column;justify-content:center;}}<\/style>\n<div class=\"wp-block-kadence-column kadence-column1486_427c24-a5\"><div class=\"kt-inside-inner-col\"><\/div><\/div>\n\n<\/div><\/div><\/div><\/div>\n\n\n\n<div class=\"wp-block-group\"><div class=\"wp-block-group__inner-container is-layout-constrained wp-block-group-is-layout-constrained\"><style>.kadence-column1486_0669a6-27 > .kt-inside-inner-col,.kadence-column1486_0669a6-27 > .kt-inside-inner-col:before{border-top-left-radius:0px;border-top-right-radius:0px;border-bottom-right-radius:0px;border-bottom-left-radius:0px;}.kadence-column1486_0669a6-27 > .kt-inside-inner-col{column-gap:var(--global-kb-gap-sm, 1rem);}.kadence-column1486_0669a6-27 > .kt-inside-inner-col{flex-direction:column;}.kadence-column1486_0669a6-27 > .kt-inside-inner-col > .aligncenter{width:100%;}.kadence-column1486_0669a6-27 > .kt-inside-inner-col:before{opacity:0.3;}.kadence-column1486_0669a6-27{position:relative;}@media all and (max-width: 1024px){.kadence-column1486_0669a6-27 > .kt-inside-inner-col{flex-direction:column;justify-content:center;}}@media all and (max-width: 767px){.kadence-column1486_0669a6-27 > .kt-inside-inner-col{flex-direction:column;justify-content:center;}}<\/style>\n<div class=\"wp-block-kadence-column kadence-column1486_0669a6-27\"><div class=\"kt-inside-inner-col\"><div class=\"wp-block-image\">\n<figure class=\"aligncenter\"><img decoding=\"async\" src=\"https:\/\/cdn-icons-png.flaticon.com\/128\/2047\/2047319.png\" alt=\"commencez\" title=\"commencez\"\/><\/figure>\n<\/div>\n\n<style>.wp-block-kadence-advancedheading.kt-adv-heading1486_571dcd-ee, .wp-block-kadence-advancedheading.kt-adv-heading1486_571dcd-ee[data-kb-block=\"kb-adv-heading1486_571dcd-ee\"]{text-align:center;font-style:normal;}.wp-block-kadence-advancedheading.kt-adv-heading1486_571dcd-ee mark.kt-highlight, .wp-block-kadence-advancedheading.kt-adv-heading1486_571dcd-ee[data-kb-block=\"kb-adv-heading1486_571dcd-ee\"] mark.kt-highlight{font-style:normal;color:#f76a0c;-webkit-box-decoration-break:clone;box-decoration-break:clone;padding-top:0px;padding-right:0px;padding-bottom:0px;padding-left:0px;}.wp-block-kadence-advancedheading.kt-adv-heading1486_571dcd-ee img.kb-inline-image, .wp-block-kadence-advancedheading.kt-adv-heading1486_571dcd-ee[data-kb-block=\"kb-adv-heading1486_571dcd-ee\"] img.kb-inline-image{width:150px;vertical-align:baseline;}<\/style>\n<h4 class=\"kt-adv-heading1486_571dcd-ee wp-block-kadence-advancedheading\" data-kb-block=\"kb-adv-heading1486_571dcd-ee\">Partenariats Locaux pour un Impact Global<\/h4>\n\n\n\n<p class=\"has-text-align-left\">Nous croyons en la puissance du partage. En travaillant en \u00e9troite collaboration avec des associations locales, des \u00e9coles et des organisations \u00e0 but non lucratif, nous \u00e9largissons notre port\u00e9e et cr\u00e9ons un \u00e9cosyst\u00e8me solide pour l\u2019inclusion num\u00e9rique. Ensemble, nous pouvons cr\u00e9er un impact durable au niveau local et au-del\u00e0.<\/p>\n\n\n<style>.wp-block-kadence-spacer.kt-block-spacer-1486_356640-a8 .kt-block-spacer{height:100px;}.wp-block-kadence-spacer.kt-block-spacer-1486_356640-a8 .kt-divider{border-top-width:1px;height:1px;border-top-color:#eee;width:80%;border-top-style:solid;}<\/style>\n<div class=\"wp-block-kadence-spacer aligncenter kt-block-spacer-1486_356640-a8\"><div class=\"kt-block-spacer kt-block-spacer-halign-center\"><hr class=\"kt-divider\"\/><\/div><\/div>\n<\/div><\/div>\n<\/div><\/div>\n\n\n<style>.kb-row-layout-id1486_f636dd-65 > .kt-row-column-wrap{align-content:start;}:where(.kb-row-layout-id1486_f636dd-65 > .kt-row-column-wrap) > .wp-block-kadence-column{justify-content:start;}.kb-row-layout-id1486_f636dd-65 > .kt-row-column-wrap{column-gap:var(--global-kb-gap-md, 2rem);row-gap:var(--global-kb-gap-md, 2rem);padding-top:var(--global-kb-spacing-lg, 3rem);padding-bottom:var(--global-kb-spacing-sm, 1.5rem);}.kb-row-layout-id1486_f636dd-65 > .kt-row-column-wrap > div:not(.added-for-specificity){grid-column:initial;}.kb-row-layout-id1486_f636dd-65 > .kt-row-column-wrap{grid-template-columns:repeat(3, minmax(0, 1fr));}.kb-row-layout-id1486_f636dd-65 > .kt-row-layout-overlay{opacity:0.30;}@media all and (max-width: 1024px){.kb-row-layout-id1486_f636dd-65 > .kt-row-column-wrap > div:not(.added-for-specificity){grid-column:initial;}}@media all and (max-width: 1024px){.kb-row-layout-id1486_f636dd-65 > .kt-row-column-wrap{grid-template-columns:repeat(3, minmax(0, 1fr));}}@media all and (max-width: 767px){.kb-row-layout-id1486_f636dd-65 > .kt-row-column-wrap > div:not(.added-for-specificity){grid-column:initial;}.kb-row-layout-id1486_f636dd-65 > .kt-row-column-wrap{grid-template-columns:minmax(0, 1fr);}}<\/style><div class=\"kb-row-layout-wrap kb-row-layout-id1486_f636dd-65 alignnone wp-block-kadence-rowlayout\"><div class=\"kt-row-column-wrap kt-has-3-columns kt-row-layout-equal kt-tab-layout-inherit kt-mobile-layout-row kt-row-valign-top\">\n<style>.kadence-column1486_68820d-67 > .kt-inside-inner-col,.kadence-column1486_68820d-67 > .kt-inside-inner-col:before{border-top-left-radius:0px;border-top-right-radius:0px;border-bottom-right-radius:0px;border-bottom-left-radius:0px;}.kadence-column1486_68820d-67 > .kt-inside-inner-col{column-gap:var(--global-kb-gap-sm, 1rem);}.kadence-column1486_68820d-67 > .kt-inside-inner-col{flex-direction:column;}.kadence-column1486_68820d-67 > .kt-inside-inner-col > .aligncenter{width:100%;}.kadence-column1486_68820d-67 > .kt-inside-inner-col:before{opacity:0.3;}.kadence-column1486_68820d-67{position:relative;}@media all and (max-width: 1024px){.kadence-column1486_68820d-67 > .kt-inside-inner-col{flex-direction:column;justify-content:center;}}@media all and (max-width: 767px){.kadence-column1486_68820d-67 > .kt-inside-inner-col{flex-direction:column;justify-content:center;}}<\/style>\n<div class=\"wp-block-kadence-column kadence-column1486_68820d-67\"><div class=\"kt-inside-inner-col\"><div class=\"wp-block-image\">\n<figure class=\"aligncenter\"><img decoding=\"async\" src=\"https:\/\/cdn-icons-png.flaticon.com\/128\/747\/747684.png\" alt=\"les partenaires\" title=\"les partenaires\"\/><\/figure>\n<\/div>\n\n<style>.wp-block-kadence-advancedheading.kt-adv-heading1486_9db498-49, .wp-block-kadence-advancedheading.kt-adv-heading1486_9db498-49[data-kb-block=\"kb-adv-heading1486_9db498-49\"]{text-align:center;font-style:normal;}.wp-block-kadence-advancedheading.kt-adv-heading1486_9db498-49 mark.kt-highlight, .wp-block-kadence-advancedheading.kt-adv-heading1486_9db498-49[data-kb-block=\"kb-adv-heading1486_9db498-49\"] mark.kt-highlight{font-style:normal;color:#f76a0c;-webkit-box-decoration-break:clone;box-decoration-break:clone;padding-top:0px;padding-right:0px;padding-bottom:0px;padding-left:0px;}.wp-block-kadence-advancedheading.kt-adv-heading1486_9db498-49 img.kb-inline-image, .wp-block-kadence-advancedheading.kt-adv-heading1486_9db498-49[data-kb-block=\"kb-adv-heading1486_9db498-49\"] img.kb-inline-image{width:150px;vertical-align:baseline;}<\/style>\n<h4 class=\"kt-adv-heading1486_9db498-49 wp-block-kadence-advancedheading\" data-kb-block=\"kb-adv-heading1486_9db498-49\">Soutenir et Donner<\/h4>\n\n\n\n<p>En choisissant cette option, vous contribuez directement \u00e0 la mise en place d\u2019ateliers \u00e9ducatifs gratuits pour les communaut\u00e9s d\u00e9favoris\u00e9es. Votre soutien permettra \u00e0 plus de personnes d\u2019acc\u00e9der \u00e0 des connaissances num\u00e9riques essentielles.<\/p>\n<\/div><\/div>\n\n\n<style>.kadence-column1486_a6681e-3a > .kt-inside-inner-col,.kadence-column1486_a6681e-3a > .kt-inside-inner-col:before{border-top-left-radius:0px;border-top-right-radius:0px;border-bottom-right-radius:0px;border-bottom-left-radius:0px;}.kadence-column1486_a6681e-3a > .kt-inside-inner-col{column-gap:var(--global-kb-gap-sm, 1rem);}.kadence-column1486_a6681e-3a > .kt-inside-inner-col{flex-direction:column;}.kadence-column1486_a6681e-3a > .kt-inside-inner-col > .aligncenter{width:100%;}.kadence-column1486_a6681e-3a > .kt-inside-inner-col:before{opacity:0.3;}.kadence-column1486_a6681e-3a{position:relative;}@media all and (max-width: 1024px){.kadence-column1486_a6681e-3a > .kt-inside-inner-col{flex-direction:column;justify-content:center;}}@media all and (max-width: 767px){.kadence-column1486_a6681e-3a > .kt-inside-inner-col{flex-direction:column;justify-content:center;}}<\/style>\n<div class=\"wp-block-kadence-column kadence-column1486_a6681e-3a\"><div class=\"kt-inside-inner-col\"><div class=\"wp-block-image\">\n<figure class=\"aligncenter\"><img decoding=\"async\" src=\"https:\/\/cdn-icons-png.flaticon.com\/128\/4098\/4098723.png\" alt=\"partenaire\" title=\"partenaire\"\/><\/figure>\n<\/div>\n\n<style>.wp-block-kadence-advancedheading.kt-adv-heading1486_0694ac-67, .wp-block-kadence-advancedheading.kt-adv-heading1486_0694ac-67[data-kb-block=\"kb-adv-heading1486_0694ac-67\"]{text-align:center;font-style:normal;}.wp-block-kadence-advancedheading.kt-adv-heading1486_0694ac-67 mark.kt-highlight, .wp-block-kadence-advancedheading.kt-adv-heading1486_0694ac-67[data-kb-block=\"kb-adv-heading1486_0694ac-67\"] mark.kt-highlight{font-style:normal;color:#f76a0c;-webkit-box-decoration-break:clone;box-decoration-break:clone;padding-top:0px;padding-right:0px;padding-bottom:0px;padding-left:0px;}.wp-block-kadence-advancedheading.kt-adv-heading1486_0694ac-67 img.kb-inline-image, .wp-block-kadence-advancedheading.kt-adv-heading1486_0694ac-67[data-kb-block=\"kb-adv-heading1486_0694ac-67\"] img.kb-inline-image{width:150px;vertical-align:baseline;}<\/style>\n<h4 class=\"kt-adv-heading1486_0694ac-67 wp-block-kadence-advancedheading\" data-kb-block=\"kb-adv-heading1486_0694ac-67\">Devenez Membre adh\u00e9rent<\/h4>\n\n\n\n<p>Vous aurez un acc\u00e8s prioritaire aux ateliers ainsi qu&rsquo;aux ressources et supports en ligne pour renforcer vos comp\u00e9tences num\u00e9riques.<\/p>\n<\/div><\/div>\n\n\n<style>.kadence-column1486_793adc-1e > .kt-inside-inner-col,.kadence-column1486_793adc-1e > .kt-inside-inner-col:before{border-top-left-radius:0px;border-top-right-radius:0px;border-bottom-right-radius:0px;border-bottom-left-radius:0px;}.kadence-column1486_793adc-1e > .kt-inside-inner-col{column-gap:var(--global-kb-gap-sm, 1rem);}.kadence-column1486_793adc-1e > .kt-inside-inner-col{flex-direction:column;}.kadence-column1486_793adc-1e > .kt-inside-inner-col > .aligncenter{width:100%;}.kadence-column1486_793adc-1e > .kt-inside-inner-col:before{opacity:0.3;}.kadence-column1486_793adc-1e{position:relative;}@media all and (max-width: 1024px){.kadence-column1486_793adc-1e > .kt-inside-inner-col{flex-direction:column;justify-content:center;}}@media all and (max-width: 767px){.kadence-column1486_793adc-1e > .kt-inside-inner-col{flex-direction:column;justify-content:center;}}<\/style>\n<div class=\"wp-block-kadence-column kadence-column1486_793adc-1e\"><div class=\"kt-inside-inner-col\"><div class=\"wp-block-image\">\n<figure class=\"aligncenter\"><img decoding=\"async\" src=\"https:\/\/cdn-icons-png.flaticon.com\/128\/860\/860541.png\" alt=\"partenaire\" title=\"partenaire\"\/><\/figure>\n<\/div>\n\n<style>.wp-block-kadence-advancedheading.kt-adv-heading1486_631395-29, .wp-block-kadence-advancedheading.kt-adv-heading1486_631395-29[data-kb-block=\"kb-adv-heading1486_631395-29\"]{text-align:center;font-style:normal;}.wp-block-kadence-advancedheading.kt-adv-heading1486_631395-29 mark.kt-highlight, .wp-block-kadence-advancedheading.kt-adv-heading1486_631395-29[data-kb-block=\"kb-adv-heading1486_631395-29\"] mark.kt-highlight{font-style:normal;color:#f76a0c;-webkit-box-decoration-break:clone;box-decoration-break:clone;padding-top:0px;padding-right:0px;padding-bottom:0px;padding-left:0px;}.wp-block-kadence-advancedheading.kt-adv-heading1486_631395-29 img.kb-inline-image, .wp-block-kadence-advancedheading.kt-adv-heading1486_631395-29[data-kb-block=\"kb-adv-heading1486_631395-29\"] img.kb-inline-image{width:150px;vertical-align:baseline;}<\/style>\n<h4 class=\"kt-adv-heading1486_631395-29 wp-block-kadence-advancedheading\" data-kb-block=\"kb-adv-heading1486_631395-29\">Devenez B\u00e9n\u00e9vole<\/h4>\n\n\n\n<p>vous fournirez un soutien pratique aux personnes \u00e0 faible revenu pour ma\u00eetriser les outils num\u00e9riques essentiels.  votre expertise guidera nos b\u00e9n\u00e9ficiaires vers une utilisation autonome des nouvelles technologies.<\/p>\n<\/div><\/div>\n\n<\/div><\/div>","protected":false},"excerpt":{"rendered":"<p>Respect des Valeurs L\u2019inclusion va au-del\u00e0 de l\u2019acc\u00e8s num\u00e9rique. C\u2019est un \u00e9tat d\u2019esprit qui guide nos actions. Nous valorisons la diversit\u00e9, le respect et le partage. Notre objectif est de construire une communaut\u00e9 en ligne o\u00f9 chacun se sent accueilli, \u00e9cout\u00e9 et respect\u00e9, quel que soit son bagage culturel, ses exp\u00e9riences ou ses connaissances. Nous&#8230;<\/p>\n","protected":false},"author":1,"featured_media":0,"parent":0,"menu_order":9,"comment_status":"closed","ping_status":"closed","template":"","meta":{"_kadence_starter_templates_imported_post":false,"_kad_post_transparent":"","_kad_post_title":"","_kad_post_layout":"","_kad_post_sidebar_id":"","_kad_post_content_style":"","_kad_post_vertical_padding":"","_kad_post_feature":"","_kad_post_feature_position":"","_kad_post_header":false,"_kad_post_footer":false,"slim_seo":{"title":"Nous Soutenir - NETLIBRE","description":""},"footnotes":""},"class_list":["post-1486","page","type-page","status-publish","hentry"],"_links":{"self":[{"href":"https:\/\/net-libre.fr\/index.php\/wp-json\/wp\/v2\/pages\/1486","targetHints":{"allow":["GET"]}}],"collection":[{"href":"https:\/\/net-libre.fr\/index.php\/wp-json\/wp\/v2\/pages"}],"about":[{"href":"https:\/\/net-libre.fr\/index.php\/wp-json\/wp\/v2\/types\/page"}],"author":[{"embeddable":true,"href":"https:\/\/net-libre.fr\/index.php\/wp-json\/wp\/v2\/users\/1"}],"replies":[{"embeddable":true,"href":"https:\/\/net-libre.fr\/index.php\/wp-json\/wp\/v2\/comments?post=1486"}],"version-history":[{"count":56,"href":"https:\/\/net-libre.fr\/index.php\/wp-json\/wp\/v2\/pages\/1486\/revisions"}],"predecessor-version":[{"id":2054,"href":"https:\/\/net-libre.fr\/index.php\/wp-json\/wp\/v2\/pages\/1486\/revisions\/2054"}],"wp:attachment":[{"href":"https:\/\/net-libre.fr\/index.php\/wp-json\/wp\/v2\/media?parent=1486"}],"curies":[{"name":"wp","href":"https:\/\/api.w.org\/{rel}","templated":true}]}}