{"id":5,"date":"2022-03-03T22:54:10","date_gmt":"2022-03-03T21:54:10","guid":{"rendered":"https:\/\/startertemplatecloud.com\/sb01\/?page_id=5"},"modified":"2025-08-08T18:44:55","modified_gmt":"2025-08-08T16:44:55","slug":"home","status":"publish","type":"page","link":"https:\/\/net-libre.fr\/index.php\/home\/","title":{"rendered":"Notre Projet"},"content":{"rendered":"<style>.kb-row-layout-id5_7b1225-a3 > .kt-row-column-wrap{align-content:start;}:where(.kb-row-layout-id5_7b1225-a3 > .kt-row-column-wrap) > .wp-block-kadence-column{justify-content:start;}.kb-row-layout-id5_7b1225-a3 > .kt-row-column-wrap{column-gap:var(--global-kb-gap-md, 2rem);row-gap:var(--global-kb-gap-md, 2rem);padding-top:var(--global-kb-spacing-sm, 1.5rem);padding-bottom:var(--global-kb-spacing-xl, 4rem);grid-template-columns:repeat(2, minmax(0, 1fr));}.kb-row-layout-id5_7b1225-a3 > .kt-row-layout-overlay{opacity:0.10;background-color:var(--global-palette1, #3182CE);}@media all and (max-width: 1024px){.kb-row-layout-id5_7b1225-a3 > .kt-row-column-wrap{grid-template-columns:repeat(2, minmax(0, 1fr));}}@media all and (max-width: 767px){.kb-row-layout-id5_7b1225-a3 > .kt-row-column-wrap{grid-template-columns:minmax(0, 1fr);}}<\/style><div class=\"kb-row-layout-wrap kb-row-layout-id5_7b1225-a3 alignnone kt-row-has-bg wp-block-kadence-rowlayout\"><div class=\"kt-row-layout-overlay kt-row-overlay-normal\"><\/div><div class=\"kt-row-column-wrap kt-has-2-columns kt-row-layout-equal kt-tab-layout-inherit kt-mobile-layout-row kt-row-valign-top\">\n<style>.kadence-column5_3bcc05-1f > .kt-inside-inner-col,.kadence-column5_3bcc05-1f > .kt-inside-inner-col:before{border-top-left-radius:0px;border-top-right-radius:0px;border-bottom-right-radius:0px;border-bottom-left-radius:0px;}.kadence-column5_3bcc05-1f > .kt-inside-inner-col{column-gap:var(--global-kb-gap-sm, 1rem);}.kadence-column5_3bcc05-1f > .kt-inside-inner-col{flex-direction:column;}.kadence-column5_3bcc05-1f > .kt-inside-inner-col > .aligncenter{width:100%;}.kadence-column5_3bcc05-1f > .kt-inside-inner-col:before{opacity:0.3;}.kadence-column5_3bcc05-1f{position:relative;}@media all and (max-width: 1024px){.kadence-column5_3bcc05-1f > .kt-inside-inner-col{flex-direction:column;justify-content:center;}}@media all and (max-width: 767px){.kadence-column5_3bcc05-1f > .kt-inside-inner-col{flex-direction:column;justify-content:center;}}<\/style>\n<div class=\"wp-block-kadence-column kadence-column5_3bcc05-1f\"><div class=\"kt-inside-inner-col\"><style>.wp-block-kadence-advancedheading.kt-adv-heading5_046c2e-94, .wp-block-kadence-advancedheading.kt-adv-heading5_046c2e-94[data-kb-block=\"kb-adv-heading5_046c2e-94\"]{text-align:center;font-style:normal;}.wp-block-kadence-advancedheading.kt-adv-heading5_046c2e-94 mark.kt-highlight, .wp-block-kadence-advancedheading.kt-adv-heading5_046c2e-94[data-kb-block=\"kb-adv-heading5_046c2e-94\"] mark.kt-highlight{font-style:normal;color:#f76a0c;-webkit-box-decoration-break:clone;box-decoration-break:clone;padding-top:0px;padding-right:0px;padding-bottom:0px;padding-left:0px;}.wp-block-kadence-advancedheading.kt-adv-heading5_046c2e-94 img.kb-inline-image, .wp-block-kadence-advancedheading.kt-adv-heading5_046c2e-94[data-kb-block=\"kb-adv-heading5_046c2e-94\"] img.kb-inline-image{width:150px;vertical-align:baseline;}<\/style>\n<h4 class=\"kt-adv-heading5_046c2e-94 wp-block-kadence-advancedheading\" data-kb-block=\"kb-adv-heading5_046c2e-94\">Promouvoir l&rsquo;inclusion num\u00e9rique<\/h4>\n\n\n\n<p><\/p>\n\n\n\n<p>Chez NETLIBRE, nous croyons en un monde num\u00e9rique inclusif, o\u00f9 chaque individu a l\u2019opportunit\u00e9 de participer activement \u00e0 la soci\u00e9t\u00e9 gr\u00e2ce aux comp\u00e9tences num\u00e9riques. Notre mission est d\u2019\u00e9radiquer les barri\u00e8res num\u00e9riques et de cr\u00e9er un environnement en ligne respectueux, s\u00fbr et bienveillant pour tous. <br>Nous sommes un mouvement qui aspire \u00e0 transformer la mani\u00e8re dont nous interagissons avec la technologie et les uns avec les autres.<\/p>\n<\/div><\/div>\n\n\n<style>.kadence-column5_1afb78-af > .kt-inside-inner-col,.kadence-column5_1afb78-af > .kt-inside-inner-col:before{border-top-left-radius:0px;border-top-right-radius:0px;border-bottom-right-radius:0px;border-bottom-left-radius:0px;}.kadence-column5_1afb78-af > .kt-inside-inner-col{column-gap:var(--global-kb-gap-sm, 1rem);}.kadence-column5_1afb78-af > .kt-inside-inner-col{flex-direction:column;}.kadence-column5_1afb78-af > .kt-inside-inner-col > .aligncenter{width:100%;}.kadence-column5_1afb78-af > .kt-inside-inner-col:before{opacity:0.3;}.kadence-column5_1afb78-af{position:relative;}@media all and (max-width: 1024px){.kadence-column5_1afb78-af > .kt-inside-inner-col{flex-direction:column;justify-content:center;}}@media all and (max-width: 767px){.kadence-column5_1afb78-af > .kt-inside-inner-col{flex-direction:column;justify-content:center;}}<\/style>\n<div class=\"wp-block-kadence-column kadence-column5_1afb78-af\"><div class=\"kt-inside-inner-col\"><style>.kb-image5_2eb653-6d.kb-image-is-ratio-size, .kb-image5_2eb653-6d .kb-image-is-ratio-size{max-width:414px;width:100%;}.wp-block-kadence-column > .kt-inside-inner-col > .kb-image5_2eb653-6d.kb-image-is-ratio-size, .wp-block-kadence-column > .kt-inside-inner-col > .kb-image5_2eb653-6d .kb-image-is-ratio-size{align-self:unset;}.kb-image5_2eb653-6d figure{max-width:414px;}.kb-image5_2eb653-6d .image-is-svg, .kb-image5_2eb653-6d .image-is-svg img{width:100%;}.kb-image5_2eb653-6d .kb-image-has-overlay:after{opacity:0.3;}.kb-image5_2eb653-6d img.kb-img, .kb-image5_2eb653-6d .kb-img img{box-shadow:5px 0px 14px 0px rgba(0, 0, 0, 0.2);filter:drop-shadow(0px 0px 14px rgba(0, 0, 0, 0.67));}<\/style>\n<div class=\"wp-block-kadence-image kb-image5_2eb653-6d\"><figure class=\"aligncenter size-full\"><img loading=\"lazy\" decoding=\"async\" width=\"800\" height=\"540\" src=\"http:\/\/net-libre.fr\/wp-content\/uploads\/2023\/08\/image.jpeg\" alt=\"\" class=\"kb-img wp-image-1784\" srcset=\"https:\/\/net-libre.fr\/wp-content\/uploads\/2023\/08\/image.jpeg 800w, https:\/\/net-libre.fr\/wp-content\/uploads\/2023\/08\/image-300x203.jpeg 300w, https:\/\/net-libre.fr\/wp-content\/uploads\/2023\/08\/image-768x518.jpeg 768w\" sizes=\"auto, (max-width: 800px) 100vw, 800px\" \/><\/figure><\/div>\n<\/div><\/div>\n\n<\/div><\/div>\n\n<style>.wp-block-kadence-spacer.kt-block-spacer-5_548408-5c .kt-block-spacer{height:60px;}.wp-block-kadence-spacer.kt-block-spacer-5_548408-5c .kt-divider{border-top-width:1px;height:1px;border-top-color:#eee;width:80%;border-top-style:solid;}<\/style>\n<div class=\"wp-block-kadence-spacer aligncenter kt-block-spacer-5_548408-5c\"><div class=\"kt-block-spacer kt-block-spacer-halign-center\"><hr class=\"kt-divider\"\/><\/div><\/div>\n\n\n<style>.kadence-column5_46cf49-bc > .kt-inside-inner-col,.kadence-column5_46cf49-bc > .kt-inside-inner-col:before{border-top-left-radius:0px;border-top-right-radius:0px;border-bottom-right-radius:0px;border-bottom-left-radius:0px;}.kadence-column5_46cf49-bc > .kt-inside-inner-col{column-gap:var(--global-kb-gap-sm, 1rem);}.kadence-column5_46cf49-bc > .kt-inside-inner-col{flex-direction:column;}.kadence-column5_46cf49-bc > .kt-inside-inner-col > .aligncenter{width:100%;}.kadence-column5_46cf49-bc > .kt-inside-inner-col:before{opacity:0.3;}.kadence-column5_46cf49-bc{position:relative;}@media all and (max-width: 1024px){.kadence-column5_46cf49-bc > .kt-inside-inner-col{flex-direction:column;justify-content:center;}}@media all and (max-width: 767px){.kadence-column5_46cf49-bc > .kt-inside-inner-col{flex-direction:column;justify-content:center;}}<\/style>\n<div class=\"wp-block-kadence-column kadence-column5_46cf49-bc\"><div class=\"kt-inside-inner-col\"><style>.kb-row-layout-id5_2d6bf4-9e > .kt-row-column-wrap{align-content:start;}:where(.kb-row-layout-id5_2d6bf4-9e > .kt-row-column-wrap) > .wp-block-kadence-column{justify-content:start;}.kb-row-layout-id5_2d6bf4-9e > .kt-row-column-wrap{column-gap:var(--global-kb-gap-md, 2rem);row-gap:var(--global-kb-gap-md, 2rem);padding-top:var(--global-kb-spacing-lg, 3rem);padding-bottom:var(--global-kb-spacing-sm, 1.5rem);grid-template-columns:minmax(0, calc(60% - ((var(--global-kb-gap-md, 2rem) * 1 )\/2)))minmax(0, calc(40% - ((var(--global-kb-gap-md, 2rem) * 1 )\/2)));}.kb-row-layout-id5_2d6bf4-9e > .kt-row-layout-overlay{opacity:0.10;background-color:rgba(241, 118, 12, 0.43);}@media all and (max-width: 1024px){.kb-row-layout-id5_2d6bf4-9e > .kt-row-column-wrap{grid-template-columns:repeat(2, minmax(0, 1fr));}}@media all and (max-width: 767px){.kb-row-layout-id5_2d6bf4-9e > .kt-row-column-wrap{grid-template-columns:minmax(0, 1fr);}}<\/style><div class=\"kb-row-layout-wrap kb-row-layout-id5_2d6bf4-9e alignnone kt-row-has-bg wp-block-kadence-rowlayout\"><div class=\"kt-row-layout-overlay kt-row-overlay-normal\"><\/div><div class=\"kt-row-column-wrap kt-has-2-columns kt-row-layout-equal kt-tab-layout-inherit kt-mobile-layout-row kt-row-valign-top\">\n<style>.kadence-column5_73a7fa-51 > .kt-inside-inner-col,.kadence-column5_73a7fa-51 > .kt-inside-inner-col:before{border-top-left-radius:0px;border-top-right-radius:0px;border-bottom-right-radius:0px;border-bottom-left-radius:0px;}.kadence-column5_73a7fa-51 > .kt-inside-inner-col{column-gap:var(--global-kb-gap-sm, 1rem);}.kadence-column5_73a7fa-51 > .kt-inside-inner-col{flex-direction:column;}.kadence-column5_73a7fa-51 > .kt-inside-inner-col > .aligncenter{width:100%;}.kadence-column5_73a7fa-51 > .kt-inside-inner-col:before{opacity:0.3;}.kadence-column5_73a7fa-51{position:relative;}@media all and (max-width: 1024px){.kadence-column5_73a7fa-51 > .kt-inside-inner-col{flex-direction:column;justify-content:center;}}@media all and (max-width: 767px){.kadence-column5_73a7fa-51 > .kt-inside-inner-col{flex-direction:column;justify-content:center;}}<\/style>\n<div class=\"wp-block-kadence-column kadence-column5_73a7fa-51\"><div class=\"kt-inside-inner-col\"><style>.kb-image5_61de6e-7c .kb-image-has-overlay:after{opacity:0.3;}.kb-image5_61de6e-7c img.kb-img, .kb-image5_61de6e-7c .kb-img img{box-shadow:0px 0px 14px 0px rgba(0, 0, 0, 0.2);filter:drop-shadow(0px 0px 14px rgba(0, 0, 0, 0.96));}<\/style>\n<figure class=\"wp-block-kadence-image kb-image5_61de6e-7c size-full\"><img loading=\"lazy\" decoding=\"async\" width=\"600\" height=\"399\" src=\"https:\/\/net-libre.fr\/wp-content\/uploads\/2023\/08\/image.webp\" alt=\"BORDEAUX, Quartier Maritime\" class=\"kb-img wp-image-1819\" srcset=\"https:\/\/net-libre.fr\/wp-content\/uploads\/2023\/08\/image.webp 600w, https:\/\/net-libre.fr\/wp-content\/uploads\/2023\/08\/image-300x200.webp 300w\" sizes=\"auto, (max-width: 600px) 100vw, 600px\" \/><figcaption>Bordeaux Nord, Quartier Maritime<\/figcaption><\/figure>\n<\/div><\/div>\n\n\n<style>.kadence-column5_463837-b1 > .kt-inside-inner-col,.kadence-column5_463837-b1 > .kt-inside-inner-col:before{border-top-left-radius:0px;border-top-right-radius:0px;border-bottom-right-radius:0px;border-bottom-left-radius:0px;}.kadence-column5_463837-b1 > .kt-inside-inner-col{column-gap:var(--global-kb-gap-sm, 1rem);}.kadence-column5_463837-b1 > .kt-inside-inner-col{flex-direction:column;}.kadence-column5_463837-b1 > .kt-inside-inner-col > .aligncenter{width:100%;}.kadence-column5_463837-b1 > .kt-inside-inner-col:before{opacity:0.3;}.kadence-column5_463837-b1{position:relative;}@media all and (max-width: 1024px){.kadence-column5_463837-b1 > .kt-inside-inner-col{flex-direction:column;justify-content:center;}}@media all and (max-width: 767px){.kadence-column5_463837-b1 > .kt-inside-inner-col{flex-direction:column;justify-content:center;}}<\/style>\n<div class=\"wp-block-kadence-column kadence-column5_463837-b1\"><div class=\"kt-inside-inner-col\">\n<p><\/p>\n\n\n\n<p><\/p>\n\n\n<style>.wp-block-kadence-advancedheading.kt-adv-heading5_c5f403-3a, .wp-block-kadence-advancedheading.kt-adv-heading5_c5f403-3a[data-kb-block=\"kb-adv-heading5_c5f403-3a\"]{font-style:normal;}.wp-block-kadence-advancedheading.kt-adv-heading5_c5f403-3a mark.kt-highlight, .wp-block-kadence-advancedheading.kt-adv-heading5_c5f403-3a[data-kb-block=\"kb-adv-heading5_c5f403-3a\"] mark.kt-highlight{font-style:normal;color:#f76a0c;-webkit-box-decoration-break:clone;box-decoration-break:clone;padding-top:0px;padding-right:0px;padding-bottom:0px;padding-left:0px;}.wp-block-kadence-advancedheading.kt-adv-heading5_c5f403-3a img.kb-inline-image, .wp-block-kadence-advancedheading.kt-adv-heading5_c5f403-3a[data-kb-block=\"kb-adv-heading5_c5f403-3a\"] img.kb-inline-image{width:150px;vertical-align:baseline;}<\/style>\n<h6 class=\"kt-adv-heading5_c5f403-3a wp-block-kadence-advancedheading\" data-kb-block=\"kb-adv-heading5_c5f403-3a\">Active depuis 2021 au c\u0153ur de Bordeaux Nord, NETLIBRE a vu le jour pour \u00e9liminer les obstacles num\u00e9riques qui limitent l&rsquo;acc\u00e8s aux services en ligne essentiels. <br>Notre objectif est de fournir des ateliers et un accompagnement personnalis\u00e9 afin d&rsquo;aider les r\u00e9sidents \u00e0 naviguer dans l&rsquo;environnement num\u00e9rique actuel.<\/h6>\n\n\n<style>.wp-block-kadence-advancedheading.kt-adv-heading5_48e30b-12, .wp-block-kadence-advancedheading.kt-adv-heading5_48e30b-12[data-kb-block=\"kb-adv-heading5_48e30b-12\"]{font-style:normal;}.wp-block-kadence-advancedheading.kt-adv-heading5_48e30b-12 mark.kt-highlight, .wp-block-kadence-advancedheading.kt-adv-heading5_48e30b-12[data-kb-block=\"kb-adv-heading5_48e30b-12\"] mark.kt-highlight{font-style:normal;color:#f76a0c;-webkit-box-decoration-break:clone;box-decoration-break:clone;padding-top:0px;padding-right:0px;padding-bottom:0px;padding-left:0px;}.wp-block-kadence-advancedheading.kt-adv-heading5_48e30b-12 img.kb-inline-image, .wp-block-kadence-advancedheading.kt-adv-heading5_48e30b-12[data-kb-block=\"kb-adv-heading5_48e30b-12\"] img.kb-inline-image{width:150px;vertical-align:baseline;}<\/style>\n<h6 class=\"kt-adv-heading5_48e30b-12 wp-block-kadence-advancedheading\" data-kb-block=\"kb-adv-heading5_48e30b-12\"><br>Nous collaborons avec des structures socio-culturelles locales pour renforcer notre impact. <br>Cette coop\u00e9ration \u00e9largit la port\u00e9e de notre association et nous permet d&rsquo;atteindre un public plus vaste, contribuant \u00e0 la cr\u00e9ation d&rsquo;un environnement num\u00e9rique inclusif.<br><\/h6>\n<\/div><\/div>\n\n<\/div><\/div><\/div><\/div>\n","protected":false},"excerpt":{"rendered":"<p>Promouvoir l&rsquo;inclusion num\u00e9rique Chez NETLIBRE, nous croyons en un monde num\u00e9rique inclusif, o\u00f9 chaque individu a l\u2019opportunit\u00e9 de participer activement \u00e0 la soci\u00e9t\u00e9 gr\u00e2ce aux comp\u00e9tences num\u00e9riques. Notre mission est d\u2019\u00e9radiquer les barri\u00e8res num\u00e9riques et de cr\u00e9er un environnement en ligne respectueux, s\u00fbr et bienveillant pour tous. Nous sommes un mouvement qui aspire \u00e0 transformer&#8230;<\/p>\n","protected":false},"author":1,"featured_media":0,"parent":0,"menu_order":4,"comment_status":"closed","ping_status":"closed","template":"","meta":{"_kadence_starter_templates_imported_post":true,"_kad_post_transparent":"enable","_kad_post_title":"","_kad_post_layout":"normal","_kad_post_sidebar_id":"","_kad_post_content_style":"default","_kad_post_vertical_padding":"default","_kad_post_feature":"default","_kad_post_feature_position":"","_kad_post_header":false,"_kad_post_footer":false,"slim_seo":{"title":"Notre Projet - NETLIBRE","description":""},"footnotes":""},"class_list":["post-5","page","type-page","status-publish","hentry"],"_links":{"self":[{"href":"https:\/\/net-libre.fr\/index.php\/wp-json\/wp\/v2\/pages\/5","targetHints":{"allow":["GET"]}}],"collection":[{"href":"https:\/\/net-libre.fr\/index.php\/wp-json\/wp\/v2\/pages"}],"about":[{"href":"https:\/\/net-libre.fr\/index.php\/wp-json\/wp\/v2\/types\/page"}],"author":[{"embeddable":true,"href":"https:\/\/net-libre.fr\/index.php\/wp-json\/wp\/v2\/users\/1"}],"replies":[{"embeddable":true,"href":"https:\/\/net-libre.fr\/index.php\/wp-json\/wp\/v2\/comments?post=5"}],"version-history":[{"count":37,"href":"https:\/\/net-libre.fr\/index.php\/wp-json\/wp\/v2\/pages\/5\/revisions"}],"predecessor-version":[{"id":2067,"href":"https:\/\/net-libre.fr\/index.php\/wp-json\/wp\/v2\/pages\/5\/revisions\/2067"}],"wp:attachment":[{"href":"https:\/\/net-libre.fr\/index.php\/wp-json\/wp\/v2\/media?parent=5"}],"curies":[{"name":"wp","href":"https:\/\/api.w.org\/{rel}","templated":true}]}}